{"id":15199,"date":"2023-10-06T08:53:11","date_gmt":"2023-10-06T06:53:11","guid":{"rendered":"https:\/\/www.inbay.systems\/?post_type=product&#038;p=15199"},"modified":"2026-04-01T15:28:40","modified_gmt":"2026-04-01T13:28:40","slug":"charging-tray-for-ford-transit","status":"publish","type":"product","link":"https:\/\/www.inbay.systems\/en\/product\/charging-tray-for-ford-transit\/","title":{"rendered":"Charging tray for your Ford Transit FD 06\/2019>"},"content":{"rendered":"<h3>Inductive charging for Ford Transit FD 06\/2019 onwards<\/h3>\n<ul>\n<li>Ford Transit Estate (FD) 06\/2019&gt;<\/li>\n<li>Ford Transit Panel Van (FD) 06\/2019&gt;<\/li>\n<li>Ford E-Transit Panel Van (FD) 05\/2022&gt;<\/li>\n<\/ul>\n<p><img decoding=\"async\" class=\"alignnone wp-image-15210 size-fusion-400\" src=\"https:\/\/www.inbay.systems\/wp-content\/uploads\/\/241114-60-1-transit-kfz-400x267.jpg\" alt=\"Ford Transit FD ab 06\/2019 - Induktives Laden mit INBAY\" width=\"400\" height=\"267\" srcset=\"https:\/\/www.inbay.systems\/wp-content\/uploads\/241114-60-1-transit-kfz-200x133.jpg 200w, https:\/\/www.inbay.systems\/wp-content\/uploads\/241114-60-1-transit-kfz-300x200.jpg 300w, https:\/\/www.inbay.systems\/wp-content\/uploads\/241114-60-1-transit-kfz-400x267.jpg 400w, https:\/\/www.inbay.systems\/wp-content\/uploads\/241114-60-1-transit-kfz-500x333.jpg 500w, https:\/\/www.inbay.systems\/wp-content\/uploads\/241114-60-1-transit-kfz-600x400.jpg 600w, https:\/\/www.inbay.systems\/wp-content\/uploads\/241114-60-1-transit-kfz-700x467.jpg 700w, https:\/\/www.inbay.systems\/wp-content\/uploads\/241114-60-1-transit-kfz-768x512.jpg 768w, https:\/\/www.inbay.systems\/wp-content\/uploads\/241114-60-1-transit-kfz-800x533.jpg 800w, https:\/\/www.inbay.systems\/wp-content\/uploads\/241114-60-1-transit-kfz-1024x683.jpg 1024w, https:\/\/www.inbay.systems\/wp-content\/uploads\/241114-60-1-transit-kfz-1200x800.jpg 1200w, https:\/\/www.inbay.systems\/wp-content\/uploads\/241114-60-1-transit-kfz.jpg 1500w\" sizes=\"(max-width: 400px) 100vw, 400px\" \/><\/p>\n<p><strong>You have the choice between 10W or 15W charging power<br \/>\n<\/strong><\/p>\n<p><strong>Maximum smartphone size including case:<br \/>\n174mm x 82mm x 8.4mm<\/strong><\/p>\n<p><img decoding=\"async\" class=\"alignnone wp-image-15204 size-fusion-400\" src=\"https:\/\/www.inbay.systems\/wp-content\/uploads\/\/241114-60-1-smartphone-siz-1-400x267.jpg\" alt=\"Maximale Gr\u00f6\u00dfe des Smartphones inkl. H\u00fclle: 174mm x 82mm x 8,4mm - Frontansicht\" width=\"400\" height=\"267\" srcset=\"https:\/\/www.inbay.systems\/wp-content\/uploads\/241114-60-1-smartphone-siz-1-200x133.jpg 200w, https:\/\/www.inbay.systems\/wp-content\/uploads\/241114-60-1-smartphone-siz-1-300x200.jpg 300w, https:\/\/www.inbay.systems\/wp-content\/uploads\/241114-60-1-smartphone-siz-1-400x267.jpg 400w, https:\/\/www.inbay.systems\/wp-content\/uploads\/241114-60-1-smartphone-siz-1-500x333.jpg 500w, https:\/\/www.inbay.systems\/wp-content\/uploads\/241114-60-1-smartphone-siz-1-600x400.jpg 600w, https:\/\/www.inbay.systems\/wp-content\/uploads\/241114-60-1-smartphone-siz-1-700x467.jpg 700w, https:\/\/www.inbay.systems\/wp-content\/uploads\/241114-60-1-smartphone-siz-1-768x512.jpg 768w, https:\/\/www.inbay.systems\/wp-content\/uploads\/241114-60-1-smartphone-siz-1-800x533.jpg 800w, https:\/\/www.inbay.systems\/wp-content\/uploads\/241114-60-1-smartphone-siz-1-1024x683.jpg 1024w, https:\/\/www.inbay.systems\/wp-content\/uploads\/241114-60-1-smartphone-siz-1-1200x800.jpg 1200w, https:\/\/www.inbay.systems\/wp-content\/uploads\/241114-60-1-smartphone-siz-1.jpg 1500w\" sizes=\"(max-width: 400px) 100vw, 400px\" \/><\/p>\n<p><img decoding=\"async\" class=\"alignnone wp-image-15206 size-fusion-400\" src=\"https:\/\/www.inbay.systems\/wp-content\/uploads\/\/241114-60-1-smartphone-siz-2-400x267.jpg\" alt=\"Maximale Gr\u00f6\u00dfe des Smartphones inkl. H\u00fclle: 174mm x 82mm x 8,4mm - Seitenansicht\" width=\"400\" height=\"267\" srcset=\"https:\/\/www.inbay.systems\/wp-content\/uploads\/241114-60-1-smartphone-siz-2-200x133.jpg 200w, https:\/\/www.inbay.systems\/wp-content\/uploads\/241114-60-1-smartphone-siz-2-300x200.jpg 300w, https:\/\/www.inbay.systems\/wp-content\/uploads\/241114-60-1-smartphone-siz-2-400x267.jpg 400w, https:\/\/www.inbay.systems\/wp-content\/uploads\/241114-60-1-smartphone-siz-2-500x333.jpg 500w, https:\/\/www.inbay.systems\/wp-content\/uploads\/241114-60-1-smartphone-siz-2-600x400.jpg 600w, https:\/\/www.inbay.systems\/wp-content\/uploads\/241114-60-1-smartphone-siz-2-700x467.jpg 700w, https:\/\/www.inbay.systems\/wp-content\/uploads\/241114-60-1-smartphone-siz-2-768x512.jpg 768w, https:\/\/www.inbay.systems\/wp-content\/uploads\/241114-60-1-smartphone-siz-2-800x533.jpg 800w, https:\/\/www.inbay.systems\/wp-content\/uploads\/241114-60-1-smartphone-siz-2-1024x683.jpg 1024w, https:\/\/www.inbay.systems\/wp-content\/uploads\/241114-60-1-smartphone-siz-2-1200x800.jpg 1200w, https:\/\/www.inbay.systems\/wp-content\/uploads\/241114-60-1-smartphone-siz-2.jpg 1500w\" sizes=\"(max-width: 400px) 100vw, 400px\" \/><\/p>\n<p>Simply replace the original upper insert of the dashboard with INBAY and you can charge your smartphone by simply putting it down. No cables and no plugging in &#8211; thanks to wireless charging! In addition, you can use your smartphone as a navigation device while charging.<\/p>\n<h3>Installation is easy<\/h3>\n<p>You can easily install INBAY yourself.<\/p>\n<ul>\n<li>Easy installation<\/li>\n<li>Illustrated installation instructions<\/li>\n<li>For Ford Transit (FD) from 06\/2019 onwards<\/li>\n<\/ul>\n<h3>Design and function for your Ford Transit<\/h3>\n<ul>\n<li>Use your smartphone as navigation during charging<\/li>\n<li>INBAY integrates seamlessly into the interior of your Ford Transit<\/li>\n<li>No more charging cables required<\/li>\n<li>No more hassle of plugging in the charger<\/li>\n<li>Simply place the smartphone into the INBAY tray for charging<\/li>\n<\/ul>\n<h3>Quality Made in Germany<\/h3>\n<ul>\n<li><strong>INBAY is Qi certified<\/strong><\/li>\n<li><strong>INBAY is Made in Germany<\/strong><\/li>\n<\/ul>\n<h3>Compatible with all Qi devices.<\/h3>\n<p>INBAY for Ford Transit is compatible with all smartphones that work with the Qi standard (e.g. Apple, Samsung, HTC, LG, &#8230;). Non-Qi-compatible devices with a micro-USB connection can easily be made Qi-compatible by using accessories (e.g. charging covers \/ bumpers).<\/p>\n","protected":false},"excerpt":{"rendered":"<p><b>APRIL PROMOTION: 10W version:<br \/>01\/04 \u2013 30\/04\/2026<\/b><br \/>\n<s>Old price: \u20ac179.90<\/s><br \/>\n<b style=\"color: red;\">Offer price: \u20ac161.90<\/b><br \/>&nbsp;<\/p>\n<p>Wireless charging in your Ford Transit? No problem. INBAY brings an inductive charging station to your vehicle &#8211; conveniently and effortlessly. While charging, you can use your smartphone as a navigation device. The maximum size for smartphones (including cover) is 174 mm x 82 mm x 8.4 mm. <br \/>&nbsp;<br \/> <strong><a href=\"https:\/\/www.inbay.systems\/en\/inbay-wireless-charging-for-your-vehicle\/\" rel=\"noopener\" target=\"_blank\">Discover all models here<\/a><\/strong><\/p>\n","protected":false},"featured_media":15309,"comment_status":"closed","ping_status":"closed","template":"","meta":{"_acf_changed":false},"product_brand":[],"product_cat":[720,286],"product_tag":[1095],"class_list":{"0":"post-15199","1":"product","2":"type-product","3":"status-publish","4":"has-post-thumbnail","6":"product_cat-mobilehomes","7":"product_cat-ford-en","8":"product_tag-ford-en","9":"pa_leistung-10w-en","10":"pa_leistung-15w-en","12":"first","13":"instock","14":"sale","15":"featured","16":"taxable","17":"shipping-taxable","18":"purchasable","19":"product-type-variable"},"acf":[],"yoast_head":"<!-- This site is optimized with the Yoast SEO plugin v27.3 - https:\/\/yoast.com\/product\/yoast-seo-wordpress\/ -->\n<title>Inductive Charging for Ford Transit FD 06\/2019 onwards<\/title>\n<meta name=\"description\" content=\"Say goodbye to charging cables in your Ford Transit FD. INBAY offers Qi-certified wireless charging for your smartphone. Install it yourself and navigate hassle-free.Upgrade your Ford Transit FD 06\/2019 onwards with INBAY&#039;s inductive charging solution. Enjoy wireless smartphone charging while driving. Easy installation. Compatible with various smartphone brands\" \/>\n<meta name=\"robots\" content=\"index, follow, max-snippet:-1, max-image-preview:large, max-video-preview:-1\" \/>\n<link rel=\"canonical\" href=\"https:\/\/www.inbay.systems\/en\/product\/charging-tray-for-ford-transit\/\" \/>\n<meta property=\"og:locale\" content=\"en_US\" \/>\n<meta property=\"og:type\" content=\"article\" \/>\n<meta property=\"og:title\" content=\"Inductive Charging for Ford Transit FD 06\/2019 onwards\" \/>\n<meta property=\"og:description\" content=\"Say goodbye to charging cables in your Ford Transit FD. INBAY offers Qi-certified wireless charging for your smartphone. Install it yourself and navigate hassle-free.Upgrade your Ford Transit FD 06\/2019 onwards with INBAY&#039;s inductive charging solution. Enjoy wireless smartphone charging while driving. Easy installation. Compatible with various smartphone brands\" \/>\n<meta property=\"og:url\" content=\"https:\/\/www.inbay.systems\/en\/product\/charging-tray-for-ford-transit\/\" \/>\n<meta property=\"og:site_name\" content=\"INBAY\" \/>\n<meta property=\"article:modified_time\" content=\"2026-04-01T13:28:40+00:00\" \/>\n<meta property=\"og:image\" content=\"https:\/\/www.inbay.systems\/wp-content\/uploads\/241114-60-1-main.jpg\" \/>\n\t<meta property=\"og:image:width\" content=\"1500\" \/>\n\t<meta property=\"og:image:height\" content=\"1000\" \/>\n\t<meta property=\"og:image:type\" content=\"image\/jpeg\" \/>\n<meta name=\"twitter:card\" content=\"summary_large_image\" \/>\n<meta name=\"twitter:label1\" content=\"Est. reading time\" \/>\n\t<meta name=\"twitter:data1\" content=\"2 minutes\" \/>\n<script type=\"application\/ld+json\" class=\"yoast-schema-graph\">{\"@context\":\"https:\\\/\\\/schema.org\",\"@graph\":[{\"@type\":\"WebPage\",\"@id\":\"https:\\\/\\\/www.inbay.systems\\\/en\\\/product\\\/charging-tray-for-ford-transit\\\/\",\"url\":\"https:\\\/\\\/www.inbay.systems\\\/en\\\/product\\\/charging-tray-for-ford-transit\\\/\",\"name\":\"Inductive Charging for Ford Transit FD 06\\\/2019 onwards\",\"isPartOf\":{\"@id\":\"https:\\\/\\\/www.inbay.systems\\\/en\\\/#website\"},\"primaryImageOfPage\":{\"@id\":\"https:\\\/\\\/www.inbay.systems\\\/en\\\/product\\\/charging-tray-for-ford-transit\\\/#primaryimage\"},\"image\":{\"@id\":\"https:\\\/\\\/www.inbay.systems\\\/en\\\/product\\\/charging-tray-for-ford-transit\\\/#primaryimage\"},\"thumbnailUrl\":\"https:\\\/\\\/www.inbay.systems\\\/wp-content\\\/uploads\\\/241114-60-1-main.jpg\",\"datePublished\":\"2023-10-06T06:53:11+00:00\",\"dateModified\":\"2026-04-01T13:28:40+00:00\",\"description\":\"Say goodbye to charging cables in your Ford Transit FD. INBAY offers Qi-certified wireless charging for your smartphone. Install it yourself and navigate hassle-free.Upgrade your Ford Transit FD 06\\\/2019 onwards with INBAY's inductive charging solution. Enjoy wireless smartphone charging while driving. Easy installation. Compatible with various smartphone brands\",\"breadcrumb\":{\"@id\":\"https:\\\/\\\/www.inbay.systems\\\/en\\\/product\\\/charging-tray-for-ford-transit\\\/#breadcrumb\"},\"inLanguage\":\"en-US\",\"potentialAction\":[{\"@type\":\"ReadAction\",\"target\":[\"https:\\\/\\\/www.inbay.systems\\\/en\\\/product\\\/charging-tray-for-ford-transit\\\/\"]}]},{\"@type\":\"ImageObject\",\"inLanguage\":\"en-US\",\"@id\":\"https:\\\/\\\/www.inbay.systems\\\/en\\\/product\\\/charging-tray-for-ford-transit\\\/#primaryimage\",\"url\":\"https:\\\/\\\/www.inbay.systems\\\/wp-content\\\/uploads\\\/241114-60-1-main.jpg\",\"contentUrl\":\"https:\\\/\\\/www.inbay.systems\\\/wp-content\\\/uploads\\\/241114-60-1-main.jpg\",\"width\":1500,\"height\":1000},{\"@type\":\"BreadcrumbList\",\"@id\":\"https:\\\/\\\/www.inbay.systems\\\/en\\\/product\\\/charging-tray-for-ford-transit\\\/#breadcrumb\",\"itemListElement\":[{\"@type\":\"ListItem\",\"position\":1,\"name\":\"Homepage\",\"item\":\"https:\\\/\\\/www.inbay.systems\\\/en\\\/\"},{\"@type\":\"ListItem\",\"position\":2,\"name\":\"Shop\",\"item\":\"https:\\\/\\\/www.inbay.systems\\\/en\\\/shop\\\/\"},{\"@type\":\"ListItem\",\"position\":3,\"name\":\"Charging tray for your Ford Transit FD 06\\\/2019>\"}]},{\"@type\":\"WebSite\",\"@id\":\"https:\\\/\\\/www.inbay.systems\\\/en\\\/#website\",\"url\":\"https:\\\/\\\/www.inbay.systems\\\/en\\\/\",\"name\":\"INBAY\",\"description\":\"Wireless Charging\",\"publisher\":{\"@id\":\"https:\\\/\\\/www.inbay.systems\\\/en\\\/#organization\"},\"potentialAction\":[{\"@type\":\"SearchAction\",\"target\":{\"@type\":\"EntryPoint\",\"urlTemplate\":\"https:\\\/\\\/www.inbay.systems\\\/en\\\/?s={search_term_string}\"},\"query-input\":{\"@type\":\"PropertyValueSpecification\",\"valueRequired\":true,\"valueName\":\"search_term_string\"}}],\"inLanguage\":\"en-US\"},{\"@type\":\"Organization\",\"@id\":\"https:\\\/\\\/www.inbay.systems\\\/en\\\/#organization\",\"name\":\"INBAY\",\"url\":\"https:\\\/\\\/www.inbay.systems\\\/en\\\/\",\"logo\":{\"@type\":\"ImageObject\",\"inLanguage\":\"en-US\",\"@id\":\"https:\\\/\\\/www.inbay.systems\\\/en\\\/#\\\/schema\\\/logo\\\/image\\\/\",\"url\":\"https:\\\/\\\/www.inbay.systems\\\/wp-content\\\/uploads\\\/inbay-logo-sticky-retina.png\",\"contentUrl\":\"https:\\\/\\\/www.inbay.systems\\\/wp-content\\\/uploads\\\/inbay-logo-sticky-retina.png\",\"width\":429,\"height\":160,\"caption\":\"INBAY\"},\"image\":{\"@id\":\"https:\\\/\\\/www.inbay.systems\\\/en\\\/#\\\/schema\\\/logo\\\/image\\\/\"}}]}<\/script>\n<!-- \/ Yoast SEO plugin. -->","yoast_head_json":{"title":"Inductive Charging for Ford Transit FD 06\/2019 onwards","description":"Say goodbye to charging cables in your Ford Transit FD. INBAY offers Qi-certified wireless charging for your smartphone. Install it yourself and navigate hassle-free.Upgrade your Ford Transit FD 06\/2019 onwards with INBAY's inductive charging solution. Enjoy wireless smartphone charging while driving. Easy installation. Compatible with various smartphone brands","robots":{"index":"index","follow":"follow","max-snippet":"max-snippet:-1","max-image-preview":"max-image-preview:large","max-video-preview":"max-video-preview:-1"},"canonical":"https:\/\/www.inbay.systems\/en\/product\/charging-tray-for-ford-transit\/","og_locale":"en_US","og_type":"article","og_title":"Inductive Charging for Ford Transit FD 06\/2019 onwards","og_description":"Say goodbye to charging cables in your Ford Transit FD. INBAY offers Qi-certified wireless charging for your smartphone. Install it yourself and navigate hassle-free.Upgrade your Ford Transit FD 06\/2019 onwards with INBAY's inductive charging solution. Enjoy wireless smartphone charging while driving. Easy installation. Compatible with various smartphone brands","og_url":"https:\/\/www.inbay.systems\/en\/product\/charging-tray-for-ford-transit\/","og_site_name":"INBAY","article_modified_time":"2026-04-01T13:28:40+00:00","og_image":[{"width":1500,"height":1000,"url":"https:\/\/www.inbay.systems\/wp-content\/uploads\/241114-60-1-main.jpg","type":"image\/jpeg"}],"twitter_card":"summary_large_image","twitter_misc":{"Est. reading time":"2 minutes"},"schema":{"@context":"https:\/\/schema.org","@graph":[{"@type":"WebPage","@id":"https:\/\/www.inbay.systems\/en\/product\/charging-tray-for-ford-transit\/","url":"https:\/\/www.inbay.systems\/en\/product\/charging-tray-for-ford-transit\/","name":"Inductive Charging for Ford Transit FD 06\/2019 onwards","isPartOf":{"@id":"https:\/\/www.inbay.systems\/en\/#website"},"primaryImageOfPage":{"@id":"https:\/\/www.inbay.systems\/en\/product\/charging-tray-for-ford-transit\/#primaryimage"},"image":{"@id":"https:\/\/www.inbay.systems\/en\/product\/charging-tray-for-ford-transit\/#primaryimage"},"thumbnailUrl":"https:\/\/www.inbay.systems\/wp-content\/uploads\/241114-60-1-main.jpg","datePublished":"2023-10-06T06:53:11+00:00","dateModified":"2026-04-01T13:28:40+00:00","description":"Say goodbye to charging cables in your Ford Transit FD. INBAY offers Qi-certified wireless charging for your smartphone. Install it yourself and navigate hassle-free.Upgrade your Ford Transit FD 06\/2019 onwards with INBAY's inductive charging solution. Enjoy wireless smartphone charging while driving. Easy installation. Compatible with various smartphone brands","breadcrumb":{"@id":"https:\/\/www.inbay.systems\/en\/product\/charging-tray-for-ford-transit\/#breadcrumb"},"inLanguage":"en-US","potentialAction":[{"@type":"ReadAction","target":["https:\/\/www.inbay.systems\/en\/product\/charging-tray-for-ford-transit\/"]}]},{"@type":"ImageObject","inLanguage":"en-US","@id":"https:\/\/www.inbay.systems\/en\/product\/charging-tray-for-ford-transit\/#primaryimage","url":"https:\/\/www.inbay.systems\/wp-content\/uploads\/241114-60-1-main.jpg","contentUrl":"https:\/\/www.inbay.systems\/wp-content\/uploads\/241114-60-1-main.jpg","width":1500,"height":1000},{"@type":"BreadcrumbList","@id":"https:\/\/www.inbay.systems\/en\/product\/charging-tray-for-ford-transit\/#breadcrumb","itemListElement":[{"@type":"ListItem","position":1,"name":"Homepage","item":"https:\/\/www.inbay.systems\/en\/"},{"@type":"ListItem","position":2,"name":"Shop","item":"https:\/\/www.inbay.systems\/en\/shop\/"},{"@type":"ListItem","position":3,"name":"Charging tray for your Ford Transit FD 06\/2019>"}]},{"@type":"WebSite","@id":"https:\/\/www.inbay.systems\/en\/#website","url":"https:\/\/www.inbay.systems\/en\/","name":"INBAY","description":"Wireless Charging","publisher":{"@id":"https:\/\/www.inbay.systems\/en\/#organization"},"potentialAction":[{"@type":"SearchAction","target":{"@type":"EntryPoint","urlTemplate":"https:\/\/www.inbay.systems\/en\/?s={search_term_string}"},"query-input":{"@type":"PropertyValueSpecification","valueRequired":true,"valueName":"search_term_string"}}],"inLanguage":"en-US"},{"@type":"Organization","@id":"https:\/\/www.inbay.systems\/en\/#organization","name":"INBAY","url":"https:\/\/www.inbay.systems\/en\/","logo":{"@type":"ImageObject","inLanguage":"en-US","@id":"https:\/\/www.inbay.systems\/en\/#\/schema\/logo\/image\/","url":"https:\/\/www.inbay.systems\/wp-content\/uploads\/inbay-logo-sticky-retina.png","contentUrl":"https:\/\/www.inbay.systems\/wp-content\/uploads\/inbay-logo-sticky-retina.png","width":429,"height":160,"caption":"INBAY"},"image":{"@id":"https:\/\/www.inbay.systems\/en\/#\/schema\/logo\/image\/"}}]}},"_links":{"self":[{"href":"https:\/\/www.inbay.systems\/en\/wp-json\/wp\/v2\/product\/15199","targetHints":{"allow":["GET"]}}],"collection":[{"href":"https:\/\/www.inbay.systems\/en\/wp-json\/wp\/v2\/product"}],"about":[{"href":"https:\/\/www.inbay.systems\/en\/wp-json\/wp\/v2\/types\/product"}],"replies":[{"embeddable":true,"href":"https:\/\/www.inbay.systems\/en\/wp-json\/wp\/v2\/comments?post=15199"}],"wp:featuredmedia":[{"embeddable":true,"href":"https:\/\/www.inbay.systems\/en\/wp-json\/wp\/v2\/media\/15309"}],"wp:attachment":[{"href":"https:\/\/www.inbay.systems\/en\/wp-json\/wp\/v2\/media?parent=15199"}],"wp:term":[{"taxonomy":"product_brand","embeddable":true,"href":"https:\/\/www.inbay.systems\/en\/wp-json\/wp\/v2\/product_brand?post=15199"},{"taxonomy":"product_cat","embeddable":true,"href":"https:\/\/www.inbay.systems\/en\/wp-json\/wp\/v2\/product_cat?post=15199"},{"taxonomy":"product_tag","embeddable":true,"href":"https:\/\/www.inbay.systems\/en\/wp-json\/wp\/v2\/product_tag?post=15199"}],"curies":[{"name":"wp","href":"https:\/\/api.w.org\/{rel}","templated":true}]}}